{"id":49156,"date":"2018-06-01T14:35:37","date_gmt":"2018-06-01T14:35:37","guid":{"rendered":"http:\/\/pautronic.com.ar\/seguridad\/?post_type=product&#038;p=49156"},"modified":"2018-06-01T14:37:30","modified_gmt":"2018-06-01T14:37:30","slug":"a2k8-rf-pc-860","status":"publish","type":"product","link":"https:\/\/pautronic.com.ar\/seguridad\/producto\/a2k8-rf-pc-860\/","title":{"rendered":"A2K8-RF \/ PC-860"},"content":{"rendered":"<h4><b>Caracter\u00edsticas:<\/b><\/h4>\n<ul>\n<li>8 Zonas cableadas + 1 zona de teclado + 24 zonas inal\u00e1mbricas (solo con KPD-860RF).<\/li>\n<li>Expandible hasta 32 zonas cableadas usando expansores EXP-8Z<\/li>\n<li>4 Particiones disponibles.<\/li>\n<li>4 Salidas PGM en placa principal con 21 formas diferentes de programaci\u00f3n.<\/li>\n<li>Hasta 8 teclados KPD-860 \u00f3 KPD-860RF LCD multilenguaje.<\/li>\n<li>Hasta 512 Eventos en memoria.<\/li>\n<li>32 C\u00f3digos de usuario.<\/li>\n<li>C\u00f3digos de coacci\u00f3n y c\u00f3digos de control telef\u00f3nico independientes para cada partici\u00f3n.<\/li>\n<li>Fuente \/ cargador switching de alta eficiencia.<\/li>\n<li>Frecuencia de operaci\u00f3n: 434MHz. (2Way Wireless System\u00ae)<\/li>\n<li>Formatos de comunicaci\u00f3n telef\u00f3nica: Contact ID, SIA, 4+2 y marcaci\u00f3n residencial mediante mensajes de voz.<\/li>\n<li>Control telef\u00f3nico remoto mediante men\u00faes de voz.<\/li>\n<li>Verificaci\u00f3n de audio unidireccional incluida.<\/li>\n<li>Central de Alarma lista para su uso, incluye transformador y gabinete.<\/li>\n<li>Permite expandir 8 salidas m\u00e1s utilizando IP-400, 4 de ellas pueden ser inal\u00e1mbricas con PGM-W.<\/li>\n<li>Compatible con G2K8, IP-400 y FRA-200.<\/li>\n<\/ul>\n","protected":false},"excerpt":{"rendered":"<p>El A2K8-RF posee 8 zonas cableadas expandible a 32 y con la versi\u00f3n de teclado KPD860RF se transforma en un poderoso sistema inal\u00e1mbrico mediante la tecnolog\u00eda 2-Wireless System\u00ae, que admite hasta 24 zonas inal\u00e1mbricas. Permite realizar hasta 4 particiones. Incluye Voice Control\u00ae y Verificador de Audio.<\/p>\n","protected":false},"featured_media":49157,"template":"","meta":{"_et_pb_use_builder":"","_et_pb_old_content":"","_et_gb_content_width":""},"product_cat":[31],"product_tag":[],"class_list":{"0":"post-49156","1":"product","2":"type-product","3":"status-publish","4":"has-post-thumbnail","6":"product_cat-centrales","8":"first","9":"instock","10":"shipping-taxable","11":"product-type-simple"},"yoast_head":"<!-- This site is optimized with the Yoast SEO plugin v22.4 - https:\/\/yoast.com\/wordpress\/plugins\/seo\/ -->\n<title>A2K8-RF \/ PC-860 - Pautronic Seguridad<\/title>\n<meta name=\"robots\" content=\"index, follow, max-snippet:-1, max-image-preview:large, max-video-preview:-1\" \/>\n<link rel=\"canonical\" href=\"https:\/\/pautronic.com.ar\/seguridad\/producto\/a2k8-rf-pc-860\/\" \/>\n<meta property=\"og:locale\" content=\"es_ES\" \/>\n<meta property=\"og:type\" content=\"article\" \/>\n<meta property=\"og:title\" content=\"A2K8-RF \/ PC-860 - Pautronic Seguridad\" \/>\n<meta property=\"og:description\" content=\"El A2K8-RF posee 8 zonas cableadas expandible a 32 y con la versi\u00f3n de teclado KPD860RF se transforma en un poderoso sistema inal\u00e1mbrico mediante la tecnolog\u00eda 2-Wireless System\u00ae, que admite hasta 24 zonas inal\u00e1mbricas. Permite realizar hasta 4 particiones. Incluye Voice Control\u00ae y Verificador de Audio.\" \/>\n<meta property=\"og:url\" content=\"https:\/\/pautronic.com.ar\/seguridad\/producto\/a2k8-rf-pc-860\/\" \/>\n<meta property=\"og:site_name\" content=\"Pautronic Seguridad\" \/>\n<meta property=\"article:modified_time\" content=\"2018-06-01T14:37:30+00:00\" \/>\n<meta property=\"og:image\" content=\"https:\/\/pautronic.com.ar\/seguridad\/wp-content\/uploads\/2018\/06\/A2K8-RF-min.png\" \/>\n\t<meta property=\"og:image:width\" content=\"800\" \/>\n\t<meta property=\"og:image:height\" content=\"433\" \/>\n\t<meta property=\"og:image:type\" content=\"image\/png\" \/>\n<meta name=\"twitter:card\" content=\"summary_large_image\" \/>\n<script type=\"application\/ld+json\" class=\"yoast-schema-graph\">{\"@context\":\"https:\/\/schema.org\",\"@graph\":[{\"@type\":\"WebPage\",\"@id\":\"https:\/\/pautronic.com.ar\/seguridad\/producto\/a2k8-rf-pc-860\/\",\"url\":\"https:\/\/pautronic.com.ar\/seguridad\/producto\/a2k8-rf-pc-860\/\",\"name\":\"A2K8-RF \/ PC-860 - Pautronic Seguridad\",\"isPartOf\":{\"@id\":\"https:\/\/pautronic.com.ar\/seguridad\/#website\"},\"primaryImageOfPage\":{\"@id\":\"https:\/\/pautronic.com.ar\/seguridad\/producto\/a2k8-rf-pc-860\/#primaryimage\"},\"image\":{\"@id\":\"https:\/\/pautronic.com.ar\/seguridad\/producto\/a2k8-rf-pc-860\/#primaryimage\"},\"thumbnailUrl\":\"https:\/\/pautronic.com.ar\/seguridad\/wp-content\/uploads\/2018\/06\/A2K8-RF-min.png\",\"datePublished\":\"2018-06-01T14:35:37+00:00\",\"dateModified\":\"2018-06-01T14:37:30+00:00\",\"breadcrumb\":{\"@id\":\"https:\/\/pautronic.com.ar\/seguridad\/producto\/a2k8-rf-pc-860\/#breadcrumb\"},\"inLanguage\":\"es\",\"potentialAction\":[{\"@type\":\"ReadAction\",\"target\":[\"https:\/\/pautronic.com.ar\/seguridad\/producto\/a2k8-rf-pc-860\/\"]}]},{\"@type\":\"ImageObject\",\"inLanguage\":\"es\",\"@id\":\"https:\/\/pautronic.com.ar\/seguridad\/producto\/a2k8-rf-pc-860\/#primaryimage\",\"url\":\"https:\/\/pautronic.com.ar\/seguridad\/wp-content\/uploads\/2018\/06\/A2K8-RF-min.png\",\"contentUrl\":\"https:\/\/pautronic.com.ar\/seguridad\/wp-content\/uploads\/2018\/06\/A2K8-RF-min.png\",\"width\":800,\"height\":433},{\"@type\":\"BreadcrumbList\",\"@id\":\"https:\/\/pautronic.com.ar\/seguridad\/producto\/a2k8-rf-pc-860\/#breadcrumb\",\"itemListElement\":[{\"@type\":\"ListItem\",\"position\":1,\"name\":\"Portada\",\"item\":\"https:\/\/pautronic.com.ar\/seguridad\/\"},{\"@type\":\"ListItem\",\"position\":2,\"name\":\"Tienda\",\"item\":\"https:\/\/pautronic.com.ar\/seguridad\/tienda\/\"},{\"@type\":\"ListItem\",\"position\":3,\"name\":\"A2K8-RF \/ PC-860\"}]},{\"@type\":\"WebSite\",\"@id\":\"https:\/\/pautronic.com.ar\/seguridad\/#website\",\"url\":\"https:\/\/pautronic.com.ar\/seguridad\/\",\"name\":\"Pautronic Seguridad\",\"description\":\"Monitoreo de Alarmas\",\"potentialAction\":[{\"@type\":\"SearchAction\",\"target\":{\"@type\":\"EntryPoint\",\"urlTemplate\":\"https:\/\/pautronic.com.ar\/seguridad\/?s={search_term_string}\"},\"query-input\":\"required name=search_term_string\"}],\"inLanguage\":\"es\"}]}<\/script>\n<!-- \/ Yoast SEO plugin. -->","yoast_head_json":{"title":"A2K8-RF \/ PC-860 - Pautronic Seguridad","robots":{"index":"index","follow":"follow","max-snippet":"max-snippet:-1","max-image-preview":"max-image-preview:large","max-video-preview":"max-video-preview:-1"},"canonical":"https:\/\/pautronic.com.ar\/seguridad\/producto\/a2k8-rf-pc-860\/","og_locale":"es_ES","og_type":"article","og_title":"A2K8-RF \/ PC-860 - Pautronic Seguridad","og_description":"El A2K8-RF posee 8 zonas cableadas expandible a 32 y con la versi\u00f3n de teclado KPD860RF se transforma en un poderoso sistema inal\u00e1mbrico mediante la tecnolog\u00eda 2-Wireless System\u00ae, que admite hasta 24 zonas inal\u00e1mbricas. Permite realizar hasta 4 particiones. Incluye Voice Control\u00ae y Verificador de Audio.","og_url":"https:\/\/pautronic.com.ar\/seguridad\/producto\/a2k8-rf-pc-860\/","og_site_name":"Pautronic Seguridad","article_modified_time":"2018-06-01T14:37:30+00:00","og_image":[{"width":800,"height":433,"url":"https:\/\/pautronic.com.ar\/seguridad\/wp-content\/uploads\/2018\/06\/A2K8-RF-min.png","type":"image\/png"}],"twitter_card":"summary_large_image","schema":{"@context":"https:\/\/schema.org","@graph":[{"@type":"WebPage","@id":"https:\/\/pautronic.com.ar\/seguridad\/producto\/a2k8-rf-pc-860\/","url":"https:\/\/pautronic.com.ar\/seguridad\/producto\/a2k8-rf-pc-860\/","name":"A2K8-RF \/ PC-860 - Pautronic Seguridad","isPartOf":{"@id":"https:\/\/pautronic.com.ar\/seguridad\/#website"},"primaryImageOfPage":{"@id":"https:\/\/pautronic.com.ar\/seguridad\/producto\/a2k8-rf-pc-860\/#primaryimage"},"image":{"@id":"https:\/\/pautronic.com.ar\/seguridad\/producto\/a2k8-rf-pc-860\/#primaryimage"},"thumbnailUrl":"https:\/\/pautronic.com.ar\/seguridad\/wp-content\/uploads\/2018\/06\/A2K8-RF-min.png","datePublished":"2018-06-01T14:35:37+00:00","dateModified":"2018-06-01T14:37:30+00:00","breadcrumb":{"@id":"https:\/\/pautronic.com.ar\/seguridad\/producto\/a2k8-rf-pc-860\/#breadcrumb"},"inLanguage":"es","potentialAction":[{"@type":"ReadAction","target":["https:\/\/pautronic.com.ar\/seguridad\/producto\/a2k8-rf-pc-860\/"]}]},{"@type":"ImageObject","inLanguage":"es","@id":"https:\/\/pautronic.com.ar\/seguridad\/producto\/a2k8-rf-pc-860\/#primaryimage","url":"https:\/\/pautronic.com.ar\/seguridad\/wp-content\/uploads\/2018\/06\/A2K8-RF-min.png","contentUrl":"https:\/\/pautronic.com.ar\/seguridad\/wp-content\/uploads\/2018\/06\/A2K8-RF-min.png","width":800,"height":433},{"@type":"BreadcrumbList","@id":"https:\/\/pautronic.com.ar\/seguridad\/producto\/a2k8-rf-pc-860\/#breadcrumb","itemListElement":[{"@type":"ListItem","position":1,"name":"Portada","item":"https:\/\/pautronic.com.ar\/seguridad\/"},{"@type":"ListItem","position":2,"name":"Tienda","item":"https:\/\/pautronic.com.ar\/seguridad\/tienda\/"},{"@type":"ListItem","position":3,"name":"A2K8-RF \/ PC-860"}]},{"@type":"WebSite","@id":"https:\/\/pautronic.com.ar\/seguridad\/#website","url":"https:\/\/pautronic.com.ar\/seguridad\/","name":"Pautronic Seguridad","description":"Monitoreo de Alarmas","potentialAction":[{"@type":"SearchAction","target":{"@type":"EntryPoint","urlTemplate":"https:\/\/pautronic.com.ar\/seguridad\/?s={search_term_string}"},"query-input":"required name=search_term_string"}],"inLanguage":"es"}]}},"_links":{"self":[{"href":"https:\/\/pautronic.com.ar\/seguridad\/wp-json\/wp\/v2\/product\/49156","targetHints":{"allow":["GET"]}}],"collection":[{"href":"https:\/\/pautronic.com.ar\/seguridad\/wp-json\/wp\/v2\/product"}],"about":[{"href":"https:\/\/pautronic.com.ar\/seguridad\/wp-json\/wp\/v2\/types\/product"}],"wp:featuredmedia":[{"embeddable":true,"href":"https:\/\/pautronic.com.ar\/seguridad\/wp-json\/wp\/v2\/media\/49157"}],"wp:attachment":[{"href":"https:\/\/pautronic.com.ar\/seguridad\/wp-json\/wp\/v2\/media?parent=49156"}],"wp:term":[{"taxonomy":"product_cat","embeddable":true,"href":"https:\/\/pautronic.com.ar\/seguridad\/wp-json\/wp\/v2\/product_cat?post=49156"},{"taxonomy":"product_tag","embeddable":true,"href":"https:\/\/pautronic.com.ar\/seguridad\/wp-json\/wp\/v2\/product_tag?post=49156"}],"curies":[{"name":"wp","href":"https:\/\/api.w.org\/{rel}","templated":true}]}}